{"id":9283,"date":"2026-03-03T12:13:57","date_gmt":"2026-03-03T17:13:57","guid":{"rendered":"https:\/\/rbctrainingground.ca\/?page_id=9283"},"modified":"2026-04-09T21:41:23","modified_gmt":"2026-04-10T01:41:23","slug":"snowboard-qualifier","status":"publish","type":"page","link":"https:\/\/www.rbctrainingground.ca\/fr\/snowboard-qualifier\/","title":{"rendered":"\u00c9v\u00e9nement de qualification du Camp des recrues RBC propre \u00e0 un sport (snowboard)"},"content":{"rendered":"<h3 class=\"entry-title\">\u00c9v\u00e9nement de qualification du Camp des recrues RBC propre \u00e0 un sport (snowboard)<\/h3>\n<\/p>\n<p>Le Camp des recrues RBC prolonge son programme \u00e0 la Station de ski Sunshine Village de Banff le 11 mai 2026 pour un premier \u00e9v\u00e9nement de qualification propre \u00e0 un sport et unique en son genre. Ouvert aux planchistes de tous les niveaux d\u2019habilit\u00e9s, cet \u00e9v\u00e9nement gratuit d\u2019un jour permettra aux athl\u00e8tes de d\u00e9couvrir leur potentiel dans des disciplines qu\u2019ils n\u2019ont possiblement pas consid\u00e9r\u00e9 auparavant, comme les disciplines alpines (course), de parc (freestyle) et de snowboard cross. Les participants front jumel\u00e9s \u00e0 des entra\u00eeneurs experts et des d\u00e9pisteurs de talent de Snowboard qui \u00e9valueront le potentiel brut des participants par discipline, d\u00e9montrant ainsi l\u2019engagement du programme \u00e0 cr\u00e9er des parcours structur\u00e9s vers le succ\u00e8s pour des potentiels olympiques. <\/p>\n<h3 class=\"entry-title\">D\u00e9tails importants<\/h3>\n<p>\n<strong>Date:<\/strong> Lundi 11 mai 2026<br \/>\n<strong>Temps:<\/strong> 9h00-16h00<br \/>\n<strong>Location:<\/strong> Station de ski Sunshine Village de Banff<br \/>\n<strong>Anciens du Camp des recrues RBC:<\/strong> Liam Moffatt and Liam Gill<\/p>\n<p><h3 class=\"entry-title\">En savoir plus<\/h3>\n<p><strong>Est-ce que je dois poss\u00e9der de l\u2019exp\u00e9rience en snowboard pour participer \u00e0 l\u2019\u00e9v\u00e9nement de qualification de snowboard?<\/strong> <\/p>\n<p>Non. Tout(e) athl\u00e8te \u00e2g\u00e9 de 14 \u00e0 25 ans peut participer \u00e0 l\u2019\u00e9v\u00e9nement, peu importe son exp\u00e9rience de snowboard. Tous les planchistes seront jumel\u00e9s \u00e0 un(e) entra\u00eeneur(e) ou \u00e0 un(e) instructeur(trice), selon la disponibilit\u00e9.  <\/p>\n<p><strong>Est-ce que je serai en mesure de me qualifier pour un recrutement par d\u2019autres sports si je participe \u00e0 l\u2019\u00e9v\u00e9nement de qualification de snowboard?<\/strong>\n<\/p>\n<p>Puisqu\u2019il s\u2019agit d\u2019un \u00e9v\u00e9nement de qualification propre au snowboard, les athl\u00e8tes qui participeront \u00e0 l\u2019\u00e9v\u00e9nement de qualification de snowboard ne seront pas \u00e0 cette occasion par d\u2019autres sports partenaires. Si vous d\u00e9sirez participer \u00e0 un \u00e9v\u00e9nement r\u00e9gulier du Camp des recrues RBC et \u00eatre pris en compte par nos 15 autres sports partenaires, vous devrez aussi vous inscrire et assister \u00e0 un \u00e9v\u00e9nement de qualification en personne (ou dans le programme en mode virtuel).<\/p>\n<p><strong>Que dois-je apporter?<\/strong> <\/p>\n<p>Arrivez pr\u00eats pour les conditions m\u00e9t\u00e9o alors que les athl\u00e8tes seront dehors pour la majeure partie de la journ\u00e9e. Bien que le lunch sera fourni, veuillez apporter vos propres collations, au besoin et une bouteille d\u2019eau r\u00e9utilisable. N\u2019h\u00e9sitez pas \u00e0 apporter votre \u00e9quipement de snowboard (planche, bottes, casque, etc.) si vous l\u2019avez d\u00e9j\u00e0. Si vous avez besoin de louer de l\u2019\u00e9quipement, veuillez l\u2019indiquer quand vous remplirez votre formulaire d\u2019inscription.<\/p>\n<p><p>N&#8217;h\u00e9sitez pas \u00e0 nous contacter pour toute question. <a href=\"mailto:rbctrainingground@olympic.ca?subject=Snowboard Inquiry\" target=\"_blank\" rel=\"noopener\">rbctrainingground@olympic.ca<\/a>.<\/p>\n","protected":false},"excerpt":{"rendered":"<p>\u00c9v\u00e9nement de qualification du Camp des recrues RBC propre \u00e0 un sport (snowboard) Le Camp des recrues RBC prolonge son programme \u00e0 la Station de ski Sunshine Village de Banff le 11 mai 2026 pour un premier \u00e9v\u00e9nement de qualification propre \u00e0 un sport et unique en son genre. Ouvert aux planchistes de tous les &#8230;<\/p>\n","protected":false},"author":9,"featured_media":0,"parent":0,"menu_order":0,"comment_status":"closed","ping_status":"closed","template":"","meta":{"_acf_changed":false,"_genesis_hide_title":false,"_genesis_hide_breadcrumbs":false,"_genesis_hide_singular_image":false,"_genesis_hide_footer_widgets":false,"_genesis_custom_body_class":"","_genesis_custom_post_class":"","_genesis_layout":"full-width-content","footnotes":""},"class_list":{"0":"post-9283","1":"page","2":"type-page","3":"status-publish","5":"entry"},"translation":{"provider":"WPGlobus","version":"3.0.2","language":"fr","enabled_languages":["en","fr"],"languages":{"en":{"title":true,"content":true,"excerpt":false},"fr":{"title":true,"content":true,"excerpt":false}}},"acf":[],"yoast_head":"<!-- This site is optimized with the Yoast SEO plugin v27.4 - https:\/\/yoast.com\/product\/yoast-seo-wordpress\/ -->\n<title>\u00c9v\u00e9nement de qualification du Camp des recrues RBC propre \u00e0 un sport (snowboard) - Camps des recrues RBC<\/title>\n<meta name=\"robots\" content=\"noindex, nofollow\" \/>\n<meta property=\"og:locale\" content=\"fr_FR\" \/>\n<meta property=\"og:type\" content=\"article\" \/>\n<meta property=\"og:title\" content=\"\u00c9v\u00e9nement de qualification du Camp des recrues RBC propre \u00e0 un sport (snowboard) - Camps des recrues RBC\" \/>\n<meta property=\"og:url\" content=\"https:\/\/rbctrainingground.ca\/snowboard-qualifier\/\" \/>\n<meta property=\"og:site_name\" content=\"Camps des recrues RBC\" \/>\n<meta property=\"article:modified_time\" content=\"2026-04-10T01:41:23+00:00\" \/>\n<meta property=\"og:image\" content=\"https:\/\/www.rbctrainingground.ca\/wp-content\/uploads\/2026\/04\/Liam-Moffatt.png\" \/>\n\t<meta property=\"og:image:width\" content=\"592\" \/>\n\t<meta property=\"og:image:height\" content=\"805\" \/>\n\t<meta property=\"og:image:type\" content=\"image\/png\" \/>\n<meta name=\"twitter:card\" content=\"summary_large_image\" \/>\n<meta name=\"twitter:label1\" content=\"Est. reading time\" \/>\n\t<meta name=\"twitter:data1\" content=\"4 minutes\" \/>\n<script type=\"application\/ld+json\" class=\"yoast-schema-graph\">{\"@context\":\"https:\\\/\\\/schema.org\",\"@graph\":[{\"@type\":\"WebPage\",\"@id\":\"https:\\\/\\\/rbctrainingground.ca\\\/snowboard-qualifier\\\/\",\"url\":\"https:\\\/\\\/rbctrainingground.ca\\\/snowboard-qualifier\\\/\",\"name\":\"\u00c9v\u00e9nement de qualification du Camp des recrues RBC propre \u00e0 un sport (snowboard) - Camps des recrues RBC\",\"isPartOf\":{\"@id\":\"https:\\\/\\\/rbctrainingground.ca\\\/#website\"},\"primaryImageOfPage\":{\"@id\":\"https:\\\/\\\/rbctrainingground.ca\\\/snowboard-qualifier\\\/#primaryimage\"},\"image\":{\"@id\":\"https:\\\/\\\/rbctrainingground.ca\\\/snowboard-qualifier\\\/#primaryimage\"},\"thumbnailUrl\":\"https:\\\/\\\/rbctrainingground.ca\\\/wp-content\\\/uploads\\\/2026\\\/04\\\/Liam-Moffatt-221x300.png\",\"datePublished\":\"2026-03-03T17:13:57+00:00\",\"dateModified\":\"2026-04-10T01:41:23+00:00\",\"breadcrumb\":{\"@id\":\"https:\\\/\\\/rbctrainingground.ca\\\/snowboard-qualifier\\\/#breadcrumb\"},\"inLanguage\":\"fr-FR\",\"potentialAction\":[{\"@type\":\"ReadAction\",\"target\":[\"https:\\\/\\\/rbctrainingground.ca\\\/snowboard-qualifier\\\/\"]}]},{\"@type\":\"ImageObject\",\"inLanguage\":\"fr-FR\",\"@id\":\"https:\\\/\\\/rbctrainingground.ca\\\/snowboard-qualifier\\\/#primaryimage\",\"url\":\"https:\\\/\\\/rbctrainingground.ca\\\/wp-content\\\/uploads\\\/2026\\\/04\\\/Liam-Moffatt-221x300.png\",\"contentUrl\":\"https:\\\/\\\/rbctrainingground.ca\\\/wp-content\\\/uploads\\\/2026\\\/04\\\/Liam-Moffatt-221x300.png\"},{\"@type\":\"BreadcrumbList\",\"@id\":\"https:\\\/\\\/rbctrainingground.ca\\\/snowboard-qualifier\\\/#breadcrumb\",\"itemListElement\":[{\"@type\":\"ListItem\",\"position\":1,\"name\":\"Home\",\"item\":\"https:\\\/\\\/rbctrainingground.ca\\\/\"},{\"@type\":\"ListItem\",\"position\":2,\"name\":\"RBC Training Ground Sport-Specific Qualifying Event (Snowboard)\"}]},{\"@type\":\"WebSite\",\"@id\":\"https:\\\/\\\/rbctrainingground.ca\\\/#website\",\"url\":\"https:\\\/\\\/rbctrainingground.ca\\\/\",\"name\":\"Camps des recrues RBC\",\"description\":\"Lib\u00e9rez votre potentiel.\",\"potentialAction\":[{\"@type\":\"SearchAction\",\"target\":{\"@type\":\"EntryPoint\",\"urlTemplate\":\"https:\\\/\\\/rbctrainingground.ca\\\/?s={search_term_string}\"},\"query-input\":{\"@type\":\"PropertyValueSpecification\",\"valueRequired\":true,\"valueName\":\"search_term_string\"}}],\"inLanguage\":\"fr-FR\"}]}<\/script>\n<!-- \/ Yoast SEO plugin. -->","yoast_head_json":{"title":"\u00c9v\u00e9nement de qualification du Camp des recrues RBC propre \u00e0 un sport (snowboard) - Camps des recrues RBC","robots":{"index":"noindex","follow":"nofollow"},"og_locale":"fr_FR","og_type":"article","og_title":"\u00c9v\u00e9nement de qualification du Camp des recrues RBC propre \u00e0 un sport (snowboard) - Camps des recrues RBC","og_url":"https:\/\/rbctrainingground.ca\/snowboard-qualifier\/","og_site_name":"Camps des recrues RBC","article_modified_time":"2026-04-10T01:41:23+00:00","og_image":[{"width":592,"height":805,"url":"https:\/\/www.rbctrainingground.ca\/wp-content\/uploads\/2026\/04\/Liam-Moffatt.png","type":"image\/png"}],"twitter_card":"summary_large_image","twitter_misc":{"Est. reading time":"4 minutes"},"schema":{"@context":"https:\/\/schema.org","@graph":[{"@type":"WebPage","@id":"https:\/\/rbctrainingground.ca\/snowboard-qualifier\/","url":"https:\/\/rbctrainingground.ca\/snowboard-qualifier\/","name":"\u00c9v\u00e9nement de qualification du Camp des recrues RBC propre \u00e0 un sport (snowboard) - Camps des recrues RBC","isPartOf":{"@id":"https:\/\/rbctrainingground.ca\/#website"},"primaryImageOfPage":{"@id":"https:\/\/rbctrainingground.ca\/snowboard-qualifier\/#primaryimage"},"image":{"@id":"https:\/\/rbctrainingground.ca\/snowboard-qualifier\/#primaryimage"},"thumbnailUrl":"https:\/\/rbctrainingground.ca\/wp-content\/uploads\/2026\/04\/Liam-Moffatt-221x300.png","datePublished":"2026-03-03T17:13:57+00:00","dateModified":"2026-04-10T01:41:23+00:00","breadcrumb":{"@id":"https:\/\/rbctrainingground.ca\/snowboard-qualifier\/#breadcrumb"},"inLanguage":"fr-FR","potentialAction":[{"@type":"ReadAction","target":["https:\/\/rbctrainingground.ca\/snowboard-qualifier\/"]}]},{"@type":"ImageObject","inLanguage":"fr-FR","@id":"https:\/\/rbctrainingground.ca\/snowboard-qualifier\/#primaryimage","url":"https:\/\/rbctrainingground.ca\/wp-content\/uploads\/2026\/04\/Liam-Moffatt-221x300.png","contentUrl":"https:\/\/rbctrainingground.ca\/wp-content\/uploads\/2026\/04\/Liam-Moffatt-221x300.png"},{"@type":"BreadcrumbList","@id":"https:\/\/rbctrainingground.ca\/snowboard-qualifier\/#breadcrumb","itemListElement":[{"@type":"ListItem","position":1,"name":"Home","item":"https:\/\/rbctrainingground.ca\/"},{"@type":"ListItem","position":2,"name":"RBC Training Ground Sport-Specific Qualifying Event (Snowboard)"}]},{"@type":"WebSite","@id":"https:\/\/rbctrainingground.ca\/#website","url":"https:\/\/rbctrainingground.ca\/","name":"Camps des recrues RBC","description":"Lib\u00e9rez votre potentiel.","potentialAction":[{"@type":"SearchAction","target":{"@type":"EntryPoint","urlTemplate":"https:\/\/rbctrainingground.ca\/?s={search_term_string}"},"query-input":{"@type":"PropertyValueSpecification","valueRequired":true,"valueName":"search_term_string"}}],"inLanguage":"fr-FR"}]}},"_links":{"self":[{"href":"https:\/\/www.rbctrainingground.ca\/fr\/wp-json\/wp\/v2\/pages\/9283","targetHints":{"allow":["GET"]}}],"collection":[{"href":"https:\/\/www.rbctrainingground.ca\/fr\/wp-json\/wp\/v2\/pages"}],"about":[{"href":"https:\/\/www.rbctrainingground.ca\/fr\/wp-json\/wp\/v2\/types\/page"}],"author":[{"embeddable":true,"href":"https:\/\/www.rbctrainingground.ca\/fr\/wp-json\/wp\/v2\/users\/9"}],"replies":[{"embeddable":true,"href":"https:\/\/www.rbctrainingground.ca\/fr\/wp-json\/wp\/v2\/comments?post=9283"}],"version-history":[{"count":50,"href":"https:\/\/www.rbctrainingground.ca\/fr\/wp-json\/wp\/v2\/pages\/9283\/revisions"}],"predecessor-version":[{"id":9664,"href":"https:\/\/www.rbctrainingground.ca\/fr\/wp-json\/wp\/v2\/pages\/9283\/revisions\/9664"}],"wp:attachment":[{"href":"https:\/\/www.rbctrainingground.ca\/fr\/wp-json\/wp\/v2\/media?parent=9283"}],"curies":[{"name":"wp","href":"https:\/\/api.w.org\/{rel}","templated":true}]}}