{"id":5651,"date":"2023-04-27T08:56:58","date_gmt":"2023-04-27T12:56:58","guid":{"rendered":"https:\/\/www.rbctrainingground.ca\/?page_id=5651"},"modified":"2025-05-23T17:37:59","modified_gmt":"2025-05-23T21:37:59","slug":"schedule","status":"publish","type":"page","link":"https:\/\/www.rbctrainingground.ca\/fr\/schedule\/","title":{"rendered":"Calendrier &#038; R\u00e9sultats"},"content":{"rendered":"<p><\/p>\r\n<p><div class='schedule-list'><div class='tb_table' id='british-columbia'><div class='tb_row tb_header_span'><h2 class='section-margin aligncenter'>Colombie-Britannique<\/h2><\/div><div class='tb_row tb_header'><div class='tb_cell'>Date<\/div><div class='tb_cell'>Ville<\/div><div class='tb_cell'>Emplacement<\/div><div class='tb_cell results'>R\u00e9sultats<\/div><\/div><div class='tb_row'><div class='tb_cell' data-title='Date'>Samedi 11 avril<\/div><div class='tb_cell' data-title='Ville'>Victoria<\/div><div class='tb_cell' data-title='Emplacement'>\u00a0University Of Victoria<\/div><div class='tb_cell results' data-title='R\u00e9sultats'><a href='https:\/\/www.rbctrainingground.ca\/wp-content\/uploads\/2026\/04\/Victoria-Results-Web-FRC.pdf' target='_blank' rel='noopener noreferrer'>T\u00e9l\u00e9charger<i class='ico ico-pdf'> <\/i><\/a><\/div><\/div><div class='tb_row'><div class='tb_cell' data-title='Date'>Dimanche 26 avril<\/div><div class='tb_cell' data-title='Ville'>Kelowna<\/div><div class='tb_cell' data-title='Emplacement'>UBC Okanagan<\/div><div class='tb_cell results' data-title='R\u00e9sultats'><\/div><\/div><div class='tb_row'><div class='tb_cell' data-title='Date'>Samedi 2 mai<\/div><div class='tb_cell' data-title='Ville'>Surrey<\/div><div class='tb_cell' data-title='Emplacement'>\u00a0Cloverdale Fairground<\/div><div class='tb_cell results' data-title='R\u00e9sultats'><\/div><\/div><\/div><div class='tb_table' id='alberta'><div class='tb_row tb_header_span'><h2 class='section-margin aligncenter'>Alberta<\/h2><\/div><div class='tb_row tb_header'><div class='tb_cell'>Date<\/div><div class='tb_cell'>Ville<\/div><div class='tb_cell'>Emplacement<\/div><div class='tb_cell results'>R\u00e9sultats<\/div><\/div><div class='tb_row'><div class='tb_cell' data-title='Date'>Samedi 14 mars<\/div><div class='tb_cell' data-title='Ville'>Edmonton<\/div><div class='tb_cell' data-title='Emplacement'>Coronation Park Sports & Rec Centre\u00a0<\/div><div class='tb_cell results' data-title='R\u00e9sultats'><a href='https:\/\/www.rbctrainingground.ca\/wp-content\/uploads\/2026\/03\/Edmonton-Results-web-FRC.pdf' target='_blank' rel='noopener noreferrer'>T\u00e9l\u00e9charger<i class='ico ico-pdf'> <\/i><\/a><\/div><\/div><div class='tb_row'><div class='tb_cell' data-title='Date'>Samedi 9 mai<\/div><div class='tb_cell' data-title='Ville'>Calgary<\/div><div class='tb_cell' data-title='Emplacement'>University of Calgary<\/div><div class='tb_cell results' data-title='R\u00e9sultats'><\/div><\/div><div class='tb_row'><div class='tb_cell' data-title='Date'>Lundi 11 mai<\/div><div class='tb_cell' data-title='Ville'>Banff Sunshine Village Ski & Snowboard Resort<\/div><div class='tb_cell' data-title='Emplacement'>Banff Sunshine Village Ski & Snowboard Resort<\/div><div class='tb_cell results' data-title='R\u00e9sultats'><\/div><\/div><\/div><div class='tb_table' id='saskatchewan'><div class='tb_row tb_header_span'><h2 class='section-margin aligncenter'>Saskatchewan<\/h2><\/div><div class='tb_row tb_header'><div class='tb_cell'>Date<\/div><div class='tb_cell'>Ville<\/div><div class='tb_cell'>Emplacement<\/div><div class='tb_cell results'>R\u00e9sultats<\/div><\/div><div class='tb_row'><div class='tb_cell' data-title='Date'>Samedi 23 mai<\/div><div class='tb_cell' data-title='Ville'>Saskatoon<\/div><div class='tb_cell' data-title='Emplacement'>Saskatoon Field House<\/div><div class='tb_cell results' data-title='R\u00e9sultats'><\/div><\/div><\/div><div class='tb_table' id='manitoba'><div class='tb_row tb_header_span'><h2 class='section-margin aligncenter'>Manitoba<\/h2><\/div><div class='tb_row tb_header'><div class='tb_cell'>Date<\/div><div class='tb_cell'>Ville<\/div><div class='tb_cell'>Emplacement<\/div><div class='tb_cell results'>R\u00e9sultats<\/div><\/div><div class='tb_row'><div class='tb_cell' data-title='Date'>Samedi 9 mai<\/div><div class='tb_cell' data-title='Ville'>Winnipeg<\/div><div class='tb_cell' data-title='Emplacement'>University of Winnipeg<\/div><div class='tb_cell results' data-title='R\u00e9sultats'><\/div><\/div><\/div><div class='tb_table' id='ontario'><div class='tb_row tb_header_span'><h2 class='section-margin aligncenter'>Ontario<\/h2><\/div><div class='tb_row tb_header'><div class='tb_cell'>Date<\/div><div class='tb_cell'>Ville<\/div><div class='tb_cell'>Emplacement<\/div><div class='tb_cell results'>R\u00e9sultats<\/div><\/div><div class='tb_row'><div class='tb_cell' data-title='Date'>Dimanche 15 mars<\/div><div class='tb_cell' data-title='Ville'>Peterborough<\/div><div class='tb_cell' data-title='Emplacement'>Fleming College<\/div><div class='tb_cell results' data-title='R\u00e9sultats'><a href='https:\/\/www.rbctrainingground.ca\/wp-content\/uploads\/2026\/03\/Peterborough-Results-web-FRC.pdf' target='_blank' rel='noopener noreferrer'>T\u00e9l\u00e9charger<i class='ico ico-pdf'> <\/i><\/a><\/div><\/div><div class='tb_row'><div class='tb_cell' data-title='Date'>Samedi 21 mars<\/div><div class='tb_cell' data-title='Ville'>Toronto<\/div><div class='tb_cell' data-title='Emplacement'>Toronto Pan Am Sports Centre<\/div><div class='tb_cell results' data-title='R\u00e9sultats'><a href='https:\/\/www.rbctrainingground.ca\/wp-content\/uploads\/2026\/03\/Toronto-1-Results-web-FRC.pdf' target='_blank' rel='noopener noreferrer'>T\u00e9l\u00e9charger<i class='ico ico-pdf'> <\/i><\/a><\/div><\/div><div class='tb_row'><div class='tb_cell' data-title='Date'>Samedi 11 avril<\/div><div class='tb_cell' data-title='Ville'>Ottawa<\/div><div class='tb_cell' data-title='Emplacement'>Universit\u00e9 d'Ottawa<\/div><div class='tb_cell results' data-title='R\u00e9sultats'><a href='https:\/\/www.rbctrainingground.ca\/wp-content\/uploads\/2026\/04\/Ottawa-Results-web-FRC.pdf' target='_blank' rel='noopener noreferrer'>T\u00e9l\u00e9charger<i class='ico ico-pdf'> <\/i><\/a><\/div><\/div><div class='tb_row'><div class='tb_cell' data-title='Date'>Samedi 18 avril<\/div><div class='tb_cell' data-title='Ville'>Thunder Bay<\/div><div class='tb_cell' data-title='Emplacement'>Lakehead University<\/div><div class='tb_cell results' data-title='R\u00e9sultats'><a href='https:\/\/www.rbctrainingground.ca\/wp-content\/uploads\/2026\/04\/Thunder-Bay-Web-Results-FRC.pdf' target='_blank' rel='noopener noreferrer'>T\u00e9l\u00e9charger<i class='ico ico-pdf'> <\/i><\/a><\/div><\/div><div class='tb_row'><div class='tb_cell' data-title='Date'>Samedi 2 mai<\/div><div class='tb_cell' data-title='Ville'>Barrie<\/div><div class='tb_cell' data-title='Emplacement'>Georgian College<\/div><div class='tb_cell results' data-title='R\u00e9sultats'><\/div><\/div><div class='tb_row'><div class='tb_cell' data-title='Date'>Samedi 23 mai<\/div><div class='tb_cell' data-title='Ville'>Hamilton<\/div><div class='tb_cell' data-title='Emplacement'>Mohawk College<\/div><div class='tb_cell results' data-title='R\u00e9sultats'><\/div><\/div><div class='tb_row'><div class='tb_cell' data-title='Date'>Samedi 30 mai<\/div><div class='tb_cell' data-title='Ville'>Toronto<\/div><div class='tb_cell' data-title='Emplacement'>University of Toronto<\/div><div class='tb_cell results' data-title='R\u00e9sultats'><\/div><\/div><\/div><div class='tb_table' id='quebec'><div class='tb_row tb_header_span'><h2 class='section-margin aligncenter'>Qu\u00e9bec<\/h2><\/div><div class='tb_row tb_header'><div class='tb_cell'>Date<\/div><div class='tb_cell'>Ville<\/div><div class='tb_cell'>Emplacement<\/div><div class='tb_cell results'>R\u00e9sultats<\/div><\/div><div class='tb_row'><div class='tb_cell' data-title='Date'>Dimanche 22 mars<\/div><div class='tb_cell' data-title='Ville'>Ville de Qu\u00e9bec<\/div><div class='tb_cell' data-title='Emplacement'>Universit\u00e9 Laval<\/div><div class='tb_cell results' data-title='R\u00e9sultats'><a href='https:\/\/www.rbctrainingground.ca\/wp-content\/uploads\/2026\/03\/Quebec-City-Results-web-FRC.pdf' target='_blank' rel='noopener noreferrer'>T\u00e9l\u00e9charger<i class='ico ico-pdf'> <\/i><\/a><\/div><\/div><div class='tb_row'><div class='tb_cell' data-title='Date'>dimanche 3 mai<\/div><div class='tb_cell' data-title='Ville'>Montr\u00e9al<\/div><div class='tb_cell' data-title='Emplacement'>Universit\u00e9 du Qu\u00e9bec \u00e0 Montr\u00e9al (UQAM)<\/div><div class='tb_cell results' data-title='R\u00e9sultats'><\/div><\/div><div class='tb_row'><div class='tb_cell' data-title='Date'>Dimanche 31 mai<\/div><div class='tb_cell' data-title='Ville'>Sherbrooke<\/div><div class='tb_cell' data-title='Emplacement'>\u00c9cole secondaire du Triolet<\/div><div class='tb_cell results' data-title='R\u00e9sultats'><\/div><\/div><\/div><div class='tb_table' id='atlantic-canada'><div class='tb_row tb_header_span'><h2 class='section-margin aligncenter'>Provinces de l\u2019Atlantique<\/h2><\/div><div class='tb_row tb_header'><div class='tb_cell'>Date<\/div><div class='tb_cell'>Ville<\/div><div class='tb_cell'>Emplacement<\/div><div class='tb_cell results'>R\u00e9sultats<\/div><\/div><div class='tb_row'><div class='tb_cell' data-title='Date'>Dimanche 22 mars<\/div><div class='tb_cell' data-title='Ville'>Fredericton<\/div><div class='tb_cell' data-title='Emplacement'>Campus de Fredericton de l'UNB<\/div><div class='tb_cell results' data-title='R\u00e9sultats'><a href='https:\/\/www.rbctrainingground.ca\/wp-content\/uploads\/2026\/03\/Fredericton-Results-web-FRC.pdf' target='_blank' rel='noopener noreferrer'>T\u00e9l\u00e9charger<i class='ico ico-pdf'> <\/i><\/a><\/div><\/div><div class='tb_row'><div class='tb_cell' data-title='Date'>Dimanche 31 mai<\/div><div class='tb_cell' data-title='Ville'>Halifax<\/div><div class='tb_cell' data-title='Emplacement'>Canada Games Centre<\/div><div class='tb_cell results' data-title='R\u00e9sultats'><\/div><\/div><\/div><div class='tb_table' id='yukon'><div class='tb_row tb_header_span'><h2 class='section-margin aligncenter'>Yukon<\/h2><\/div><div class='tb_row tb_header'><div class='tb_cell'>Date<\/div><div class='tb_cell'>Ville<\/div><div class='tb_cell'>Emplacement<\/div><div class='tb_cell results'>R\u00e9sultats<\/div><\/div><div class='tb_row'><div class='tb_cell' data-title='Date'>Dimanche 19 avril<\/div><div class='tb_cell' data-title='Ville'>Whitehorse<\/div><div class='tb_cell' data-title='Emplacement'>Canada Games Centre<\/div><div class='tb_cell results' data-title='R\u00e9sultats'><a href='https:\/\/www.rbctrainingground.ca\/wp-content\/uploads\/2026\/04\/Whitehorse-Web-Results-FRC.pdf' target='_blank' rel='noopener noreferrer'>T\u00e9l\u00e9charger<i class='ico ico-pdf'> <\/i><\/a><\/div><\/div><\/div><\/div><\/p>\n","protected":false},"excerpt":{"rendered":"","protected":false},"author":3,"featured_media":0,"parent":0,"menu_order":9,"comment_status":"closed","ping_status":"closed","template":"","meta":{"_acf_changed":false,"_genesis_hide_title":false,"_genesis_hide_breadcrumbs":false,"_genesis_hide_singular_image":false,"_genesis_hide_footer_widgets":false,"_genesis_custom_body_class":"","_genesis_custom_post_class":"","_genesis_layout":"full-width-content","footnotes":""},"class_list":{"0":"post-5651","1":"page","2":"type-page","3":"status-publish","5":"entry"},"translation":{"provider":"WPGlobus","version":"3.0.2","language":"fr","enabled_languages":["en","fr"],"languages":{"en":{"title":true,"content":true,"excerpt":false},"fr":{"title":true,"content":true,"excerpt":false}}},"acf":[],"yoast_head":"<!-- This site is optimized with the Yoast SEO plugin v27.4 - https:\/\/yoast.com\/product\/yoast-seo-wordpress\/ -->\n<title>RBC Training Ground | Schedule<\/title>\n<meta name=\"robots\" content=\"index, follow, max-snippet:-1, max-image-preview:large, max-video-preview:-1\" \/>\n<link rel=\"canonical\" href=\"https:\/\/www.rbctrainingground.ca\/schedule\/\" \/>\n<meta property=\"og:locale\" content=\"fr_FR\" \/>\n<meta property=\"og:type\" content=\"article\" \/>\n<meta property=\"og:title\" content=\"RBC Training Ground | Schedule\" \/>\n<meta property=\"og:url\" content=\"https:\/\/www.rbctrainingground.ca\/schedule\/\" \/>\n<meta property=\"og:site_name\" content=\"RBC Training Ground\" \/>\n<meta property=\"article:modified_time\" content=\"2025-05-23T21:37:59+00:00\" \/>\n<meta name=\"twitter:card\" content=\"summary_large_image\" \/>\n<meta name=\"twitter:label1\" content=\"Est. reading time\" \/>\n\t<meta name=\"twitter:data1\" content=\"1 minute\" \/>\n<script type=\"application\/ld+json\" class=\"yoast-schema-graph\">{\"@context\":\"https:\\\/\\\/schema.org\",\"@graph\":[{\"@type\":\"WebPage\",\"@id\":\"https:\\\/\\\/www.rbctrainingground.ca\\\/schedule\\\/\",\"url\":\"https:\\\/\\\/www.rbctrainingground.ca\\\/schedule\\\/\",\"name\":\"RBC Training Ground | Schedule\",\"isPartOf\":{\"@id\":\"https:\\\/\\\/www.rbctrainingground.ca\\\/#website\"},\"datePublished\":\"2023-04-27T12:56:58+00:00\",\"dateModified\":\"2025-05-23T21:37:59+00:00\",\"description\":\"Open call to all aspiring Olympic athletes aged 14 to 25. Sign up for free today for the chance to get scouted by Team Canada!\",\"breadcrumb\":{\"@id\":\"https:\\\/\\\/www.rbctrainingground.ca\\\/schedule\\\/#breadcrumb\"},\"inLanguage\":\"fr-FR\",\"potentialAction\":[{\"@type\":\"ReadAction\",\"target\":[\"https:\\\/\\\/www.rbctrainingground.ca\\\/schedule\\\/\"]}]},{\"@type\":\"BreadcrumbList\",\"@id\":\"https:\\\/\\\/www.rbctrainingground.ca\\\/schedule\\\/#breadcrumb\",\"itemListElement\":[{\"@type\":\"ListItem\",\"position\":1,\"name\":\"Home\",\"item\":\"https:\\\/\\\/www.rbctrainingground.ca\\\/\"},{\"@type\":\"ListItem\",\"position\":2,\"name\":\"Schedule and Results\"}]},{\"@type\":\"WebSite\",\"@id\":\"https:\\\/\\\/www.rbctrainingground.ca\\\/#website\",\"url\":\"https:\\\/\\\/www.rbctrainingground.ca\\\/\",\"name\":\"RBC Training Ground\",\"description\":\"Lib\u00e9rez votre potentiel.\",\"potentialAction\":[{\"@type\":\"SearchAction\",\"target\":{\"@type\":\"EntryPoint\",\"urlTemplate\":\"https:\\\/\\\/www.rbctrainingground.ca\\\/?s={search_term_string}\"},\"query-input\":{\"@type\":\"PropertyValueSpecification\",\"valueRequired\":true,\"valueName\":\"search_term_string\"}}],\"inLanguage\":\"fr-FR\"}]}<\/script>\n<!-- \/ Yoast SEO plugin. -->","yoast_head_json":{"title":"RBC Training Ground | Schedule","robots":{"index":"index","follow":"follow","max-snippet":"max-snippet:-1","max-image-preview":"max-image-preview:large","max-video-preview":"max-video-preview:-1"},"canonical":"https:\/\/www.rbctrainingground.ca\/schedule\/","og_locale":"fr_FR","og_type":"article","og_title":"RBC Training Ground | Schedule","og_url":"https:\/\/www.rbctrainingground.ca\/schedule\/","og_site_name":"RBC Training Ground","article_modified_time":"2025-05-23T21:37:59+00:00","twitter_card":"summary_large_image","twitter_misc":{"Est. reading time":"1 minute"},"schema":{"@context":"https:\/\/schema.org","@graph":[{"@type":"WebPage","@id":"https:\/\/www.rbctrainingground.ca\/schedule\/","url":"https:\/\/www.rbctrainingground.ca\/schedule\/","name":"RBC Training Ground | Schedule","isPartOf":{"@id":"https:\/\/www.rbctrainingground.ca\/#website"},"datePublished":"2023-04-27T12:56:58+00:00","dateModified":"2025-05-23T21:37:59+00:00","description":"Open call to all aspiring Olympic athletes aged 14 to 25. Sign up for free today for the chance to get scouted by Team Canada!","breadcrumb":{"@id":"https:\/\/www.rbctrainingground.ca\/schedule\/#breadcrumb"},"inLanguage":"fr-FR","potentialAction":[{"@type":"ReadAction","target":["https:\/\/www.rbctrainingground.ca\/schedule\/"]}]},{"@type":"BreadcrumbList","@id":"https:\/\/www.rbctrainingground.ca\/schedule\/#breadcrumb","itemListElement":[{"@type":"ListItem","position":1,"name":"Home","item":"https:\/\/www.rbctrainingground.ca\/"},{"@type":"ListItem","position":2,"name":"Schedule and Results"}]},{"@type":"WebSite","@id":"https:\/\/www.rbctrainingground.ca\/#website","url":"https:\/\/www.rbctrainingground.ca\/","name":"RBC Training Ground","description":"Lib\u00e9rez votre potentiel.","potentialAction":[{"@type":"SearchAction","target":{"@type":"EntryPoint","urlTemplate":"https:\/\/www.rbctrainingground.ca\/?s={search_term_string}"},"query-input":{"@type":"PropertyValueSpecification","valueRequired":true,"valueName":"search_term_string"}}],"inLanguage":"fr-FR"}]}},"_links":{"self":[{"href":"https:\/\/www.rbctrainingground.ca\/fr\/wp-json\/wp\/v2\/pages\/5651","targetHints":{"allow":["GET"]}}],"collection":[{"href":"https:\/\/www.rbctrainingground.ca\/fr\/wp-json\/wp\/v2\/pages"}],"about":[{"href":"https:\/\/www.rbctrainingground.ca\/fr\/wp-json\/wp\/v2\/types\/page"}],"author":[{"embeddable":true,"href":"https:\/\/www.rbctrainingground.ca\/fr\/wp-json\/wp\/v2\/users\/3"}],"replies":[{"embeddable":true,"href":"https:\/\/www.rbctrainingground.ca\/fr\/wp-json\/wp\/v2\/comments?post=5651"}],"version-history":[{"count":9,"href":"https:\/\/www.rbctrainingground.ca\/fr\/wp-json\/wp\/v2\/pages\/5651\/revisions"}],"predecessor-version":[{"id":9081,"href":"https:\/\/www.rbctrainingground.ca\/fr\/wp-json\/wp\/v2\/pages\/5651\/revisions\/9081"}],"wp:attachment":[{"href":"https:\/\/www.rbctrainingground.ca\/fr\/wp-json\/wp\/v2\/media?parent=5651"}],"curies":[{"name":"wp","href":"https:\/\/api.w.org\/{rel}","templated":true}]}}